{"id":23,"date":"2012-09-24T17:03:10","date_gmt":"2012-09-24T15:03:10","guid":{"rendered":"http:\/\/fondazionetorriani.ch\/?page_id=23"},"modified":"2024-05-02T10:11:37","modified_gmt":"2024-05-02T08:11:37","slug":"donazioni","status":"publish","type":"page","link":"https:\/\/fondazionetorriani.ch\/?page_id=23","title":{"rendered":"Donazioni"},"content":{"rendered":"<p>Le attivit\u00e0 educative della Fondazione sono riconosciute e sussidiate dalla Confederazione, tramite l\u2019Ufficio federale di giustizia (UFG) e dal Cantone, mediante l\u2019<a href=\"http:\/\/ti.ch\/ufag\" target=\"_blank\" rel=\"noopener\">Ufficio del sostegno a enti e attivit\u00e0 per le famiglie ed i giovani (UFaG)<\/a> del Dipartimento della sanit\u00e0 e della socialit\u00e0.<\/p>\n<p><strong>Purtroppo l\u2019insieme di questi sussidi non copre interamente le spese derivate dalla gestione e dai bisogni dei nostri utenti. Di conseguenza la nostra Fondazione deve attivarsi costantemente per trovare degli aiuti finanziari da parte di enti e privati. Ogni donazione \u00e8 quindi particolarmente apprezzata e benvenuta.<\/strong><\/p>\n<p>La nostra Fondazione non \u00e8 a scopo di lucro ed \u00e8 riconosciuta di pubblica utilit\u00e0, per cui beneficia dell\u2019esenzione fiscale. Il vostro sostegno finanziario potr\u00e0 quindi essere deducibile dalle imposte sul vostro reddito nei limiti della legislazione.<\/p>\n<p><a href=\"http:\/\/fondazionetorriani.ch\/wp-content\/uploads\/2012\/10\/disegno-ragazzi-cuoreOK.jpg\"><img loading=\"lazy\" class=\"alignleft wp-image-260\" title=\"Disegno di un ragazzo ospitato\" src=\"http:\/\/fondazionetorriani.ch\/wp-content\/uploads\/2012\/10\/disegno-ragazzi-cuoreOK.jpg\" alt=\"\" width=\"379\" height=\"455\" srcset=\"https:\/\/fondazionetorriani.ch\/wp-content\/uploads\/2012\/10\/disegno-ragazzi-cuoreOK.jpg 542w, https:\/\/fondazionetorriani.ch\/wp-content\/uploads\/2012\/10\/disegno-ragazzi-cuoreOK-250x300.jpg 250w\" sizes=\"(max-width: 379px) 100vw, 379px\" \/><\/a>Chi desidera effettuare una donazione a favore della Fondazione Paolo Torriani per minorenni (o svolgere una visita alle nostre attivit\u00e0 educative per valutare un\u2019eventuale donazione) pu\u00f2 contattare il <strong>direttore Luca Forni<\/strong> al seguente indirizzo:<\/p>\n<p>Fondazione Paolo Torriani per minorenni<br \/>\nVia alla Torre 42 \/\u00a0CP 1546<br \/>\n6850 Mendrisio<\/p>\n<p>Banca Raiffeisen Mendrisio e Valle di Muggio<br \/>\nVia Lavizzari 19 A &#8211; 6850 Mendrisio<br \/>\n<strong>IBAN: <b>CH28 8080 8009 3862 8617 7<\/b><\/strong><\/p>\n<p>Telefono fisso: 091 640 64 80 \/ Fax: 091 646 72 93<br \/>\ne-mail: <a href=\"mailto:direzione@fondazionetorriani.ch\">direzione@fondazionetorriani.ch<\/a><\/p>\n<p><strong>Grazie per l\u2019interesse e la sensibilit\u00e0 dimostrati nei confronti delle nostre attivit\u00e0 a favore di minorenni che vivono situazioni di disagio e di difficolt\u00e0 durature.<br \/>\n<\/strong><em>Per la Fondazione Paolo Torriani per minorenni<br \/>\n<\/em><em>Il presidente:<strong> Avv. Alessandro Guglielmetti<br \/>\n<\/strong><\/em><em>Il direttore:<strong> Luca Forni<\/strong><\/em><\/p>\n","protected":false},"excerpt":{"rendered":"<p>Le attivit\u00e0 educative della Fondazione sono riconosciute e sussidiate dalla Confederazione, tramite l\u2019Ufficio federale di giustizia (UFG) e dal Cantone, mediante l\u2019Ufficio del sostegno a enti e attivit\u00e0 per le famiglie ed i giovani (UFaG) del Dipartimento della sanit\u00e0 e<span class=\"ellipsis\">&hellip;<\/span><\/p>\n<div class=\"read-more\"><a href=\"https:\/\/fondazionetorriani.ch\/?page_id=23\">Leggi altro &#8250;<\/a><\/div>\n<p><!-- end of .read-more --><\/p>\n","protected":false},"author":1,"featured_media":0,"parent":0,"menu_order":8,"comment_status":"closed","ping_status":"closed","template":"full-width-page.php","meta":[],"_links":{"self":[{"href":"https:\/\/fondazionetorriani.ch\/index.php?rest_route=\/wp\/v2\/pages\/23"}],"collection":[{"href":"https:\/\/fondazionetorriani.ch\/index.php?rest_route=\/wp\/v2\/pages"}],"about":[{"href":"https:\/\/fondazionetorriani.ch\/index.php?rest_route=\/wp\/v2\/types\/page"}],"author":[{"embeddable":true,"href":"https:\/\/fondazionetorriani.ch\/index.php?rest_route=\/wp\/v2\/users\/1"}],"replies":[{"embeddable":true,"href":"https:\/\/fondazionetorriani.ch\/index.php?rest_route=%2Fwp%2Fv2%2Fcomments&post=23"}],"version-history":[{"count":29,"href":"https:\/\/fondazionetorriani.ch\/index.php?rest_route=\/wp\/v2\/pages\/23\/revisions"}],"predecessor-version":[{"id":488,"href":"https:\/\/fondazionetorriani.ch\/index.php?rest_route=\/wp\/v2\/pages\/23\/revisions\/488"}],"wp:attachment":[{"href":"https:\/\/fondazionetorriani.ch\/index.php?rest_route=%2Fwp%2Fv2%2Fmedia&parent=23"}],"curies":[{"name":"wp","href":"https:\/\/api.w.org\/{rel}","templated":true}]}}